{"id":6,"date":"2024-02-18T23:21:18","date_gmt":"2024-02-18T22:21:18","guid":{"rendered":"https:\/\/ptlnoblejas.com\/?page_id=6"},"modified":"2024-04-01T21:41:03","modified_gmt":"2024-04-01T19:41:03","slug":"__trashed","status":"publish","type":"page","link":"https:\/\/ptlnoblejas.com\/index.php\/__trashed\/","title":{"rendered":"See you soon"},"content":{"rendered":"<p>[et_pb_section fb_built=&#8221;1&#8243; _builder_version=&#8221;4.24.1&#8243; _module_preset=&#8221;default&#8221; use_background_color_gradient=&#8221;on&#8221; background_color_gradient_direction=&#8221;155deg&#8221; background_color_gradient_stops=&#8221;rgba(2,40,51,0.97) 0%|rgba(8,32,38,0.88) 50%|rgba(2,40,51,0.97) 100%&#8221; background_color_gradient_overlays_image=&#8221;on&#8221; background_image=&#8221;https:\/\/ptlnoblejas.com\/wp-content\/uploads\/2024\/02\/ptl_noblejas_coming_soon.webp&#8221; height=&#8221;100vh&#8221; custom_margin=&#8221;||0px||false|false&#8221; custom_padding=&#8221;||1000px||false|false&#8221; custom_css_main_element=&#8221;display: flex;||align-content: center;&#8221; da_disable_devices=&#8221;off|off|off&#8221; global_colors_info=&#8221;{}&#8221; da_is_popup=&#8221;off&#8221; da_exit_intent=&#8221;off&#8221; da_has_close=&#8221;on&#8221; da_alt_close=&#8221;off&#8221; da_dark_close=&#8221;off&#8221; da_not_modal=&#8221;on&#8221; da_is_singular=&#8221;off&#8221; da_with_loader=&#8221;off&#8221; da_has_shadow=&#8221;on&#8221;][et_pb_row _builder_version=&#8221;4.22.0&#8243; _module_preset=&#8221;default&#8221; min_height=&#8221;283.4px&#8221; global_colors_info=&#8221;{}&#8221;][et_pb_column type=&#8221;4_4&#8243; _builder_version=&#8221;4.22.0&#8243; _module_preset=&#8221;default&#8221; global_colors_info=&#8221;{}&#8221;][et_pb_image src=&#8221;https:\/\/ptlnoblejas.com\/wp-content\/uploads\/2024\/02\/PTL_logo.webp&#8221; alt=&#8221;PTL Noblejas&#8221; title_text=&#8221;PTL_logo&#8221; align=&#8221;center&#8221; _builder_version=&#8221;4.24.1&#8243; _module_preset=&#8221;default&#8221; width=&#8221;50%&#8221; global_colors_info=&#8221;{}&#8221;][\/et_pb_image][et_pb_text _builder_version=&#8221;4.24.1&#8243; _module_preset=&#8221;default&#8221; text_font=&#8221;Roboto|100|||||||&#8221; text_text_color=&#8221;#FFFFFF&#8221; text_font_size=&#8221;38px&#8221; text_orientation=&#8221;center&#8221; text_font_size_tablet=&#8221;38px&#8221; text_font_size_phone=&#8221;32px&#8221; text_font_size_last_edited=&#8221;on|phone&#8221; global_colors_info=&#8221;{}&#8221;]<\/p>\n<p>Pr\u00f3ximamente \/ Soon<\/p>\n<p>[\/et_pb_text][et_pb_counters bar_bg_color=&#8221;#008480&#8243; _builder_version=&#8221;4.24.2&#8243; _dynamic_attributes=&#8221;link_option_url&#8221; _module_preset=&#8221;default&#8221; percent_text_align=&#8221;center&#8221; percent_font_size=&#8221;14px&#8221; width=&#8221;45%&#8221; width_tablet=&#8221;100%&#8221; width_phone=&#8221;100%&#8221; width_last_edited=&#8221;on|phone&#8221; module_alignment=&#8221;center&#8221; custom_padding=&#8221;5px||5px||true|false&#8221; link_option_url=&#8221;@ET-DC@eyJkeW5hbWljIjp0cnVlLCJjb250ZW50IjoicG9zdF9saW5rX3VybF9wYWdlIiwic2V0dGluZ3MiOnsicG9zdF9pZCI6IjM3MDk3NSJ9fQ==@&#8221; hover_enabled=&#8221;0&#8243; global_colors_info=&#8221;{}&#8221; sticky_enabled=&#8221;0&#8243;][et_pb_counter percent=&#8221;99&#8243; _builder_version=&#8221;4.24.2&#8243; _module_preset=&#8221;default&#8221; hover_enabled=&#8221;0&#8243; global_colors_info=&#8221;{}&#8221; bar_background_color_default=&#8221;#008480&#8243; use_percentages=&#8221;on&#8221; sticky_enabled=&#8221;0&#8243;][\/et_pb_counter][\/et_pb_counters][et_pb_text _builder_version=&#8221;4.24.1&#8243; _module_preset=&#8221;default&#8221; text_font=&#8221;Roboto|700|||||||&#8221; text_text_color=&#8221;#FFFFFF&#8221; text_font_size=&#8221;30px&#8221; text_orientation=&#8221;center&#8221; text_font_size_tablet=&#8221;38px&#8221; text_font_size_phone=&#8221;27px&#8221; text_font_size_last_edited=&#8221;on|desktop&#8221; global_colors_info=&#8221;{}&#8221;]\u00bfQuieres m\u00e1s informaci\u00f3n?[\/et_pb_text][et_pb_contact_form email=&#8221;info@ptlnoblejas.com&#8221; success_message=&#8221;Su email ha sido enviado&#8221; _builder_version=&#8221;4.24.1&#8243; _module_preset=&#8221;default&#8221; _unique_id=&#8221;00840ef6-a7d2-46a0-bc1e-359ecf1ca63e&#8221; custom_button=&#8221;on&#8221; button_text_color=&#8221;gcid-e600ae73-c053-4acf-a80f-2c3285c792cb&#8221; button_border_color=&#8221;gcid-e600ae73-c053-4acf-a80f-2c3285c792cb&#8221; button_use_icon=&#8221;off&#8221; global_colors_info=&#8221;{%22gcid-e600ae73-c053-4acf-a80f-2c3285c792cb%22:%91%22button_icon_color%22,%22button_border_color%22,%22button_text_color%22%93}&#8221;][et_pb_contact_field field_id=&#8221;Name&#8221; field_title=&#8221;Nombre&#8221; _builder_version=&#8221;4.16&#8243; global_colors_info=&#8221;{}&#8221; button_text_size__hover_enabled=&#8221;off&#8221; button_one_text_size__hover_enabled=&#8221;off&#8221; button_two_text_size__hover_enabled=&#8221;off&#8221; button_text_color__hover_enabled=&#8221;off&#8221; button_one_text_color__hover_enabled=&#8221;off&#8221; button_two_text_color__hover_enabled=&#8221;off&#8221; button_border_width__hover_enabled=&#8221;off&#8221; button_one_border_width__hover_enabled=&#8221;off&#8221; button_two_border_width__hover_enabled=&#8221;off&#8221; button_border_color__hover_enabled=&#8221;off&#8221; button_one_border_color__hover_enabled=&#8221;off&#8221; button_two_border_color__hover_enabled=&#8221;off&#8221; button_border_radius__hover_enabled=&#8221;off&#8221; button_one_border_radius__hover_enabled=&#8221;off&#8221; button_two_border_radius__hover_enabled=&#8221;off&#8221; button_letter_spacing__hover_enabled=&#8221;off&#8221; button_one_letter_spacing__hover_enabled=&#8221;off&#8221; button_two_letter_spacing__hover_enabled=&#8221;off&#8221; button_bg_color__hover_enabled=&#8221;off&#8221; button_one_bg_color__hover_enabled=&#8221;off&#8221; button_two_bg_color__hover_enabled=&#8221;off&#8221;][\/et_pb_contact_field][et_pb_contact_field field_id=&#8221;Email&#8221; field_title=&#8221;Direcci\u00f3n de correo electr\u00f3nico&#8221; field_type=&#8221;email&#8221; _builder_version=&#8221;4.16&#8243; global_colors_info=&#8221;{}&#8221; button_text_size__hover_enabled=&#8221;off&#8221; button_one_text_size__hover_enabled=&#8221;off&#8221; button_two_text_size__hover_enabled=&#8221;off&#8221; button_text_color__hover_enabled=&#8221;off&#8221; button_one_text_color__hover_enabled=&#8221;off&#8221; button_two_text_color__hover_enabled=&#8221;off&#8221; button_border_width__hover_enabled=&#8221;off&#8221; button_one_border_width__hover_enabled=&#8221;off&#8221; button_two_border_width__hover_enabled=&#8221;off&#8221; button_border_color__hover_enabled=&#8221;off&#8221; button_one_border_color__hover_enabled=&#8221;off&#8221; button_two_border_color__hover_enabled=&#8221;off&#8221; button_border_radius__hover_enabled=&#8221;off&#8221; button_one_border_radius__hover_enabled=&#8221;off&#8221; button_two_border_radius__hover_enabled=&#8221;off&#8221; button_letter_spacing__hover_enabled=&#8221;off&#8221; button_one_letter_spacing__hover_enabled=&#8221;off&#8221; button_two_letter_spacing__hover_enabled=&#8221;off&#8221; button_bg_color__hover_enabled=&#8221;off&#8221; button_one_bg_color__hover_enabled=&#8221;off&#8221; button_two_bg_color__hover_enabled=&#8221;off&#8221;][\/et_pb_contact_field][et_pb_contact_field field_id=&#8221;Telefono&#8221; field_title=&#8221;M\u00f3vil&#8221; allowed_symbols=&#8221;numbers&#8221; _builder_version=&#8221;4.24.1&#8243; _module_preset=&#8221;default&#8221; global_colors_info=&#8221;{}&#8221;][\/et_pb_contact_field][et_pb_contact_field field_id=&#8221;Mensaje&#8221; field_title=&#8221;Mensaje&#8221; _builder_version=&#8221;4.24.1&#8243; _module_preset=&#8221;default&#8221; global_colors_info=&#8221;{}&#8221;][\/et_pb_contact_field][\/et_pb_contact_form][\/et_pb_column][\/et_pb_row][\/et_pb_section]<\/p>\n","protected":false},"excerpt":{"rendered":"<p>Pr\u00f3ximamente \/ Soon\u00bfQuieres m\u00e1s informaci\u00f3n?<\/p>\n","protected":false},"author":1,"featured_media":0,"parent":0,"menu_order":0,"comment_status":"closed","ping_status":"closed","template":"page-template-blank.php","meta":{"_et_pb_use_builder":"on","_et_pb_old_content":"","_et_gb_content_width":"","footnotes":""},"class_list":["post-6","page","type-page","status-publish","hentry"],"yoast_head":"<!-- This site is optimized with the Yoast SEO plugin v26.8 - https:\/\/yoast.com\/product\/yoast-seo-wordpress\/ -->\n<title>See you soon | Parque Tecnol\u00f3gico Log\u00edstico Noblejas<\/title>\n<meta name=\"robots\" content=\"index, follow, max-snippet:-1, max-image-preview:large, max-video-preview:-1\" \/>\n<link rel=\"canonical\" href=\"https:\/\/ptlnoblejas.com\/index.php\/__trashed\/\" \/>\n<meta property=\"og:locale\" content=\"en_US\" \/>\n<meta property=\"og:type\" content=\"article\" \/>\n<meta property=\"og:title\" content=\"See you soon | Parque Tecnol\u00f3gico Log\u00edstico Noblejas\" \/>\n<meta property=\"og:description\" content=\"Pr\u00f3ximamente \/ Soon\u00bfQuieres m\u00e1s informaci\u00f3n?\" \/>\n<meta property=\"og:url\" content=\"https:\/\/ptlnoblejas.com\/index.php\/__trashed\/\" \/>\n<meta property=\"og:site_name\" content=\"Parque Tecnol\u00f3gico Log\u00edstico Noblejas\" \/>\n<meta property=\"article:modified_time\" content=\"2024-04-01T19:41:03+00:00\" \/>\n<meta name=\"twitter:card\" content=\"summary_large_image\" \/>\n<meta name=\"twitter:label1\" content=\"Est. reading time\" \/>\n\t<meta name=\"twitter:data1\" content=\"4 minutes\" \/>\n<script type=\"application\/ld+json\" class=\"yoast-schema-graph\">{\"@context\":\"https:\/\/schema.org\",\"@graph\":[{\"@type\":\"WebPage\",\"@id\":\"https:\/\/ptlnoblejas.com\/index.php\/__trashed\/\",\"url\":\"https:\/\/ptlnoblejas.com\/index.php\/__trashed\/\",\"name\":\"See you soon | Parque Tecnol\u00f3gico Log\u00edstico Noblejas\",\"isPartOf\":{\"@id\":\"https:\/\/ptlnoblejas.com\/#website\"},\"datePublished\":\"2024-02-18T22:21:18+00:00\",\"dateModified\":\"2024-04-01T19:41:03+00:00\",\"breadcrumb\":{\"@id\":\"https:\/\/ptlnoblejas.com\/index.php\/__trashed\/#breadcrumb\"},\"inLanguage\":\"en-US\",\"potentialAction\":[{\"@type\":\"ReadAction\",\"target\":[\"https:\/\/ptlnoblejas.com\/index.php\/__trashed\/\"]}]},{\"@type\":\"BreadcrumbList\",\"@id\":\"https:\/\/ptlnoblejas.com\/index.php\/__trashed\/#breadcrumb\",\"itemListElement\":[{\"@type\":\"ListItem\",\"position\":1,\"name\":\"Portada\",\"item\":\"https:\/\/ptlnoblejas.com\/\"},{\"@type\":\"ListItem\",\"position\":2,\"name\":\"See you soon\"}]},{\"@type\":\"WebSite\",\"@id\":\"https:\/\/ptlnoblejas.com\/#website\",\"url\":\"https:\/\/ptlnoblejas.com\/\",\"name\":\"Parque Tecnol\u00f3gico Log\u00edstico Noblejas\",\"description\":\"Suelo industrial log\u00edstico en Noblejas, con parcelas desde 5.000 m\u00b2 hasta 950.000 m\u00b2 y proyectos llave en mano personalizados al mejor precio. Ubicaci\u00f3n estrat\u00e9gica en un nodo log\u00edstico clave con acceso a toda la red de autov\u00edas.\",\"alternateName\":\"Parque Tecnol\u00f3gico Log\u00edstico Noblejas\",\"potentialAction\":[{\"@type\":\"SearchAction\",\"target\":{\"@type\":\"EntryPoint\",\"urlTemplate\":\"https:\/\/ptlnoblejas.com\/?s={search_term_string}\"},\"query-input\":{\"@type\":\"PropertyValueSpecification\",\"valueRequired\":true,\"valueName\":\"search_term_string\"}}],\"inLanguage\":\"en-US\"}]}<\/script>\n<!-- \/ Yoast SEO plugin. -->","yoast_head_json":{"title":"See you soon | Parque Tecnol\u00f3gico Log\u00edstico Noblejas","robots":{"index":"index","follow":"follow","max-snippet":"max-snippet:-1","max-image-preview":"max-image-preview:large","max-video-preview":"max-video-preview:-1"},"canonical":"https:\/\/ptlnoblejas.com\/index.php\/__trashed\/","og_locale":"en_US","og_type":"article","og_title":"See you soon | Parque Tecnol\u00f3gico Log\u00edstico Noblejas","og_description":"Pr\u00f3ximamente \/ Soon\u00bfQuieres m\u00e1s informaci\u00f3n?","og_url":"https:\/\/ptlnoblejas.com\/index.php\/__trashed\/","og_site_name":"Parque Tecnol\u00f3gico Log\u00edstico Noblejas","article_modified_time":"2024-04-01T19:41:03+00:00","twitter_card":"summary_large_image","twitter_misc":{"Est. reading time":"4 minutes"},"schema":{"@context":"https:\/\/schema.org","@graph":[{"@type":"WebPage","@id":"https:\/\/ptlnoblejas.com\/index.php\/__trashed\/","url":"https:\/\/ptlnoblejas.com\/index.php\/__trashed\/","name":"See you soon | Parque Tecnol\u00f3gico Log\u00edstico Noblejas","isPartOf":{"@id":"https:\/\/ptlnoblejas.com\/#website"},"datePublished":"2024-02-18T22:21:18+00:00","dateModified":"2024-04-01T19:41:03+00:00","breadcrumb":{"@id":"https:\/\/ptlnoblejas.com\/index.php\/__trashed\/#breadcrumb"},"inLanguage":"en-US","potentialAction":[{"@type":"ReadAction","target":["https:\/\/ptlnoblejas.com\/index.php\/__trashed\/"]}]},{"@type":"BreadcrumbList","@id":"https:\/\/ptlnoblejas.com\/index.php\/__trashed\/#breadcrumb","itemListElement":[{"@type":"ListItem","position":1,"name":"Portada","item":"https:\/\/ptlnoblejas.com\/"},{"@type":"ListItem","position":2,"name":"See you soon"}]},{"@type":"WebSite","@id":"https:\/\/ptlnoblejas.com\/#website","url":"https:\/\/ptlnoblejas.com\/","name":"Parque Tecnol\u00f3gico Log\u00edstico Noblejas","description":"Suelo industrial log\u00edstico en Noblejas, con parcelas desde 5.000 m\u00b2 hasta 950.000 m\u00b2 y proyectos llave en mano personalizados al mejor precio. Ubicaci\u00f3n estrat\u00e9gica en un nodo log\u00edstico clave con acceso a toda la red de autov\u00edas.","alternateName":"Parque Tecnol\u00f3gico Log\u00edstico Noblejas","potentialAction":[{"@type":"SearchAction","target":{"@type":"EntryPoint","urlTemplate":"https:\/\/ptlnoblejas.com\/?s={search_term_string}"},"query-input":{"@type":"PropertyValueSpecification","valueRequired":true,"valueName":"search_term_string"}}],"inLanguage":"en-US"}]}},"_links":{"self":[{"href":"https:\/\/ptlnoblejas.com\/index.php\/wp-json\/wp\/v2\/pages\/6","targetHints":{"allow":["GET"]}}],"collection":[{"href":"https:\/\/ptlnoblejas.com\/index.php\/wp-json\/wp\/v2\/pages"}],"about":[{"href":"https:\/\/ptlnoblejas.com\/index.php\/wp-json\/wp\/v2\/types\/page"}],"author":[{"embeddable":true,"href":"https:\/\/ptlnoblejas.com\/index.php\/wp-json\/wp\/v2\/users\/1"}],"replies":[{"embeddable":true,"href":"https:\/\/ptlnoblejas.com\/index.php\/wp-json\/wp\/v2\/comments?post=6"}],"version-history":[{"count":0,"href":"https:\/\/ptlnoblejas.com\/index.php\/wp-json\/wp\/v2\/pages\/6\/revisions"}],"wp:attachment":[{"href":"https:\/\/ptlnoblejas.com\/index.php\/wp-json\/wp\/v2\/media?parent=6"}],"curies":[{"name":"wp","href":"https:\/\/api.w.org\/{rel}","templated":true}]}}