{"id":371718,"date":"2024-05-05T09:53:23","date_gmt":"2024-05-05T07:53:23","guid":{"rendered":"https:\/\/ptlnoblejas.com\/?page_id=371718"},"modified":"2024-05-05T09:53:23","modified_gmt":"2024-05-05T07:53:23","slug":"cookies-english","status":"publish","type":"page","link":"https:\/\/ptlnoblejas.com\/index.php\/en\/cookies-english\/","title":{"rendered":"Cookies English"},"content":{"rendered":"<p>[et_pb_section fb_built=&#8221;1&#8243; admin_label=&#8221;Section&#8221; module_id=&#8221;politicaCookies&#8221; _builder_version=&#8221;4.25.0&#8243; _module_preset=&#8221;default&#8221; custom_css_free_form=&#8221;@media only screen and (min-width: 981px) {||    #politicaCookies {||        width: 100%;||        height: 100%;||    }||}&#8221; da_popup_slug=&#8221;politicaCookies&#8221; da_disable_devices=&#8221;off|off|off&#8221; global_colors_info=&#8221;{}&#8221; theme_builder_area=&#8221;post_content&#8221; da_is_popup=&#8221;off&#8221; da_exit_intent=&#8221;off&#8221; da_has_close=&#8221;on&#8221; da_alt_close=&#8221;off&#8221; da_dark_close=&#8221;off&#8221; da_not_modal=&#8221;on&#8221; da_is_singular=&#8221;off&#8221; da_with_loader=&#8221;off&#8221; da_has_shadow=&#8221;on&#8221;][et_pb_row _builder_version=&#8221;4.24.2&#8243; _module_preset=&#8221;default&#8221; global_colors_info=&#8221;{}&#8221; theme_builder_area=&#8221;post_content&#8221;][et_pb_column type=&#8221;4_4&#8243; _builder_version=&#8221;4.24.2&#8243; _module_preset=&#8221;default&#8221; global_colors_info=&#8221;{}&#8221; theme_builder_area=&#8221;post_content&#8221;][et_pb_text _builder_version=&#8221;4.25.0&#8243; _module_preset=&#8221;default&#8221; text_font=&#8221;Montserrat|700|||||||&#8221; text_text_color=&#8221;gcid-35121b7b-d52a-4ba9-860f-204347bbd597&#8243; text_font_size=&#8221;3vw&#8221; hover_enabled=&#8221;0&#8243; text_font_size_tablet=&#8221;3vw&#8221; text_font_size_phone=&#8221;6vw&#8221; text_font_size_last_edited=&#8221;on|phone&#8221; global_colors_info=&#8221;{%22gcid-35121b7b-d52a-4ba9-860f-204347bbd597%22:%91%22text_text_color%22%93}&#8221; theme_builder_area=&#8221;post_content&#8221; sticky_enabled=&#8221;0&#8243;]<\/p>\n<p style=\"text-align: center;\">COOKIES POLICY<\/p>\n<p>[\/et_pb_text][\/et_pb_column][\/et_pb_row][\/et_pb_section][et_pb_section fb_built=&#8221;1&#8243; admin_label=&#8221;Section&#8221; _builder_version=&#8221;4.24.2&#8243; _module_preset=&#8221;default&#8221; da_disable_devices=&#8221;off|off|off&#8221; global_colors_info=&#8221;{}&#8221; theme_builder_area=&#8221;post_content&#8221; da_is_popup=&#8221;off&#8221; da_exit_intent=&#8221;off&#8221; da_has_close=&#8221;on&#8221; da_alt_close=&#8221;off&#8221; da_dark_close=&#8221;off&#8221; da_not_modal=&#8221;on&#8221; da_is_singular=&#8221;off&#8221; da_with_loader=&#8221;off&#8221; da_has_shadow=&#8221;on&#8221;][et_pb_row _builder_version=&#8221;4.24.2&#8243; _module_preset=&#8221;default&#8221; global_colors_info=&#8221;{}&#8221; theme_builder_area=&#8221;post_content&#8221;][et_pb_column type=&#8221;4_4&#8243; _builder_version=&#8221;4.24.2&#8243; _module_preset=&#8221;default&#8221; hover_enabled=&#8221;0&#8243; global_colors_info=&#8221;{}&#8221; theme_builder_area=&#8221;post_content&#8221; sticky_enabled=&#8221;0&#8243;][et_pb_text _builder_version=&#8221;4.25.0&#8243; _module_preset=&#8221;default&#8221; hover_enabled=&#8221;0&#8243; global_colors_info=&#8221;{}&#8221; theme_builder_area=&#8221;post_content&#8221; sticky_enabled=&#8221;0&#8243;]<\/p>\n<p style=\"text-align: justify;\">Cookie is a file that is downloaded to your computer when you access certain web pages. Cookies allow a website, among other things, to store and retrieve information about the browsing habits of a user or their computer and, depending on the information they contain and the way you use your computer, can be used to recognize the user. The user&#8217;s browser stores cookies on the hard disk only during the current session, occupying minimal memory space and not harming the computer. Cookies do not contain any specific personal information, and most cookies are deleted from the hard drive at the end of the browser session (so-called session cookies).<\/p>\n<p style=\"text-align: justify;\">Most browsers accept cookies as standard and, independently of them, allow or prevent temporary or stored cookies in the security settings.<\/p>\n<p style=\"text-align: justify;\">Without your express consent -through the activation of cookies in your browser- invertica.es will not link in cookies stored data with your personal data provided at the time of registration or purchase.<\/p>\n<p>[\/et_pb_text][\/et_pb_column][\/et_pb_row][et_pb_row _builder_version=&#8221;4.24.2&#8243; _module_preset=&#8221;default&#8221; global_colors_info=&#8221;{}&#8221; theme_builder_area=&#8221;post_content&#8221;][et_pb_column type=&#8221;4_4&#8243; _builder_version=&#8221;4.24.2&#8243; _module_preset=&#8221;default&#8221; global_colors_info=&#8221;{}&#8221; theme_builder_area=&#8221;post_content&#8221;][et_pb_text _builder_version=&#8221;4.25.0&#8243; _module_preset=&#8221;default&#8221; text_font=&#8221;Montserrat|600|||||||&#8221; text_text_color=&#8221;gcid-35121b7b-d52a-4ba9-860f-204347bbd597&#8243; hover_enabled=&#8221;0&#8243; global_colors_info=&#8221;{%22gcid-35121b7b-d52a-4ba9-860f-204347bbd597%22:%91%22text_text_color%22%93}&#8221; theme_builder_area=&#8221;post_content&#8221; sticky_enabled=&#8221;0&#8243;]<\/p>\n<h3 style=\"text-align: center;\">What types of cookies does this website use?<\/h3>\n<p>[\/et_pb_text][\/et_pb_column][\/et_pb_row][et_pb_row _builder_version=&#8221;4.24.2&#8243; _module_preset=&#8221;default&#8221; global_colors_info=&#8221;{}&#8221; theme_builder_area=&#8221;post_content&#8221;][et_pb_column type=&#8221;4_4&#8243; _builder_version=&#8221;4.24.2&#8243; _module_preset=&#8221;default&#8221; global_colors_info=&#8221;{}&#8221; theme_builder_area=&#8221;post_content&#8221;][et_pb_text _builder_version=&#8221;4.25.0&#8243; _module_preset=&#8221;default&#8221; hover_enabled=&#8221;0&#8243; global_colors_info=&#8221;{}&#8221; theme_builder_area=&#8221;post_content&#8221; sticky_enabled=&#8221;0&#8243;]<\/p>\n<p style=\"text-align: justify;\">Technical Cookies: are those that allow the user to navigate through a website, platform or application and the use of the different options or services it exist as, for example, control traffic and data communication, identify the session, access restricted parts, remember the elements of an order, make the buying process of an order, make the application for registration or participation in an event, use security features while browsing, store content for broadcast video or sound or share content via social networks.<\/p>\n<p style=\"text-align: justify;\">Analysis Cookies: these are those that are well treated by us or by third parties, allow us to quantify the number of users and thus perform the measurement and statistical analysis of the use made by users of the service offered. To do this, your browsing on our website is analyzed in order to improve the supply of products or services that we offer.<\/p>\n<p style=\"text-align: justify;\">Third party cookies: www.graphosworks.com website can use third-party services on behalf of www.graphosworks.com, compile information for statistical purposes, use of the Site by the user and for the provision of other services related to the activity of the Website and other Internet services.<\/p>\n<p style=\"text-align: justify;\">The User expressly accepts, by using this Site, the processing of the information collected in the manner and for the purposes mentioned above.<\/p>\n<p style=\"text-align: justify;\">And also acknowledges the possibility of refusing the processing of such data or information by rejecting the use of cookies by selecting the appropriate settings for this purpose in your browser. While this option of blocking cookies in your browser may not allow full use of all the features of the Website.<\/p>\n<p style=\"text-align: justify;\">You can allow, block or delete cookies installed on your computer by configuring the browser options installed on your computer:<\/p>\n<ul>\n<li><a href=\"http:\/\/support.google.com\/chrome\/bin\/answer.py?hl=es&amp;answer=95647\" target=\"_blank\" rel=\"noopener\">Chrome<\/a><\/li>\n<li><a href=\"http:\/\/windows.microsoft.com\/es-es\/windows7\/how-to-manage-cookies-in-internet-explorer-9\" target=\"_blank\" rel=\"noopener\">Explorer<\/a><\/li>\n<li><a href=\"http:\/\/support.mozilla.org\/es\/kb\/habilitar-y-deshabilitar-cookies-que-los-sitios-we\" target=\"_blank\" rel=\"noopener\">Firefox<\/a><\/li>\n<li><a href=\"http:\/\/support.apple.com\/kb\/ph5042\" target=\"_blank\" rel=\"noopener\">Safari<\/a><\/li>\n<li><a href=\"http:\/\/support.apple.com\/kb\/HT1677?viewlocale=es_ES\" target=\"_blank\" rel=\"noopener\">Safari para iOS (iPhone, iPad)<\/a><\/li>\n<li><a href=\"http:\/\/www.macromedia.com\/support\/documentation\/es\/flashplayer\/help\/settings_manager07.html\" target=\"_blank\" rel=\"noopener\">Cookies Flash<\/a><\/li>\n<\/ul>\n<p><span>If you have any questions about this cookie policy, you can contact us at <\/span><a href=\"mailto:info@ptlnoblejas.com\">info@ptlnoblejas.com<\/a><\/p>\n<p>[\/et_pb_text][\/et_pb_column][\/et_pb_row][\/et_pb_section][et_pb_section fb_built=&#8221;1&#8243; admin_label=&#8221;Footer&#8221; _builder_version=&#8221;4.24.2&#8243; _module_preset=&#8221;default&#8221; background_color=&#8221;#0a2e45&#8243; background_image=&#8221;https:\/\/ptlnoblejas.com\/wp-content\/uploads\/2024\/02\/engineering-firm-52.png&#8221; background_size=&#8221;initial&#8221; custom_margin=&#8221;20px||||false|false&#8221; custom_padding=&#8221;44px||0px|||&#8221; da_disable_devices=&#8221;off|off|off&#8221; saved_tabs=&#8221;all&#8221; locked=&#8221;off&#8221; global_colors_info=&#8221;{}&#8221; theme_builder_area=&#8221;post_content&#8221; da_is_popup=&#8221;off&#8221; da_exit_intent=&#8221;off&#8221; da_has_close=&#8221;on&#8221; da_alt_close=&#8221;off&#8221; da_dark_close=&#8221;off&#8221; da_not_modal=&#8221;on&#8221; da_is_singular=&#8221;off&#8221; da_with_loader=&#8221;off&#8221; da_has_shadow=&#8221;on&#8221;][et_pb_row column_structure=&#8221;1_4,1_4,1_4,1_4&#8243; _builder_version=&#8221;4.24.2&#8243; _module_preset=&#8221;default&#8221; custom_padding=&#8221;0px||5px|||&#8221; module_alignment_tablet=&#8221;&#8221; module_alignment_phone=&#8221;center&#8221; module_alignment_last_edited=&#8221;on|phone&#8221; global_colors_info=&#8221;{}&#8221; theme_builder_area=&#8221;post_content&#8221;][et_pb_column type=&#8221;1_4&#8243; _builder_version=&#8221;4.24.2&#8243; _module_preset=&#8221;default&#8221; global_colors_info=&#8221;{}&#8221; theme_builder_area=&#8221;post_content&#8221;][et_pb_image src=&#8221;https:\/\/ptlnoblejas.com\/wp-content\/uploads\/2024\/03\/LOGOTIPO-PTL-NOBLEJAS-w.webp&#8221; alt=&#8221;PTL Noblejas&#8221; title_text=&#8221;LOGOTIPO-PTL-NOBLEJAS-w&#8221; _builder_version=&#8221;4.24.2&#8243; _module_preset=&#8221;default&#8221; width=&#8221;45%&#8221; width_tablet=&#8221;45%&#8221; width_phone=&#8221;40%&#8221; width_last_edited=&#8221;on|desktop&#8221; module_alignment=&#8221;center&#8221; custom_margin=&#8221;||-1px|||&#8221; global_colors_info=&#8221;{}&#8221; theme_builder_area=&#8221;post_content&#8221;][\/et_pb_image][\/et_pb_column][et_pb_column type=&#8221;1_4&#8243; _builder_version=&#8221;4.24.2&#8243; _module_preset=&#8221;default&#8221; global_colors_info=&#8221;{}&#8221; theme_builder_area=&#8221;post_content&#8221;][et_pb_text _builder_version=&#8221;4.24.2&#8243; _module_preset=&#8221;default&#8221; text_font=&#8221;Montserrat|500|||||||&#8221; text_font_size=&#8221;17px&#8221; text_line_height=&#8221;1.8em&#8221; text_orientation=&#8221;center&#8221; background_layout=&#8221;dark&#8221; module_alignment=&#8221;center&#8221; link_option_url=&#8221;https:\/\/dunascapital.com\/&#8221; text_font_size_tablet=&#8221;14px&#8221; text_font_size_phone=&#8221;15px&#8221; text_font_size_last_edited=&#8221;on|phone&#8221; global_colors_info=&#8221;{}&#8221; theme_builder_area=&#8221;post_content&#8221;]<\/p>\n<p style=\"text-align: center;\">Desarrollado por<\/p>\n<p>[\/et_pb_text][et_pb_image src=&#8221;https:\/\/ptlnoblejas.com\/wp-content\/uploads\/2024\/03\/real-estate-dunas-footer.webp&#8221; title_text=&#8221;real-estate-dunas-footer&#8221; url=&#8221;https:\/\/dunascapital.com\/&#8221; _builder_version=&#8221;4.24.2&#8243; _module_preset=&#8221;default&#8221; width=&#8221;109%&#8221; custom_margin=&#8221;-48px||2px||false|false&#8221; custom_margin_tablet=&#8221;-48px||2px||false|false&#8221; custom_margin_phone=&#8221;-48px||2px||false|false&#8221; custom_margin_last_edited=&#8221;on|phone&#8221; custom_padding=&#8221;||0px|||&#8221; global_colors_info=&#8221;{}&#8221; theme_builder_area=&#8221;post_content&#8221;][\/et_pb_image][\/et_pb_column][et_pb_column type=&#8221;1_4&#8243; _builder_version=&#8221;4.24.2&#8243; _module_preset=&#8221;default&#8221; global_colors_info=&#8221;{}&#8221; theme_builder_area=&#8221;post_content&#8221;][et_pb_text _builder_version=&#8221;4.24.2&#8243; _module_preset=&#8221;default&#8221; text_font=&#8221;Montserrat|500|||||||&#8221; text_font_size=&#8221;17px&#8221; text_line_height=&#8221;1.8em&#8221; text_orientation=&#8221;center&#8221; background_layout=&#8221;dark&#8221; custom_margin=&#8221;||18px|||&#8221; link_option_url=&#8221;https:\/\/www.invertica.es\/&#8221; text_font_size_tablet=&#8221;14px&#8221; text_font_size_phone=&#8221;15px&#8221; text_font_size_last_edited=&#8221;on|phone&#8221; global_colors_info=&#8221;{}&#8221; theme_builder_area=&#8221;post_content&#8221;]<\/p>\n<p>Comercializado por<\/p>\n<p>[\/et_pb_text][et_pb_image src=&#8221;https:\/\/ptlnoblejas.com\/wp-content\/uploads\/2024\/03\/Invertica_Irels_png_white.png&#8221; title_text=&#8221;Invertica_Irels_png_white&#8221; url=&#8221;https:\/\/www.invertica.es\/&#8221; _builder_version=&#8221;4.24.2&#8243; _module_preset=&#8221;default&#8221; width=&#8221;70%&#8221; width_tablet=&#8221;70%&#8221; width_phone=&#8221;70%&#8221; width_last_edited=&#8221;on|desktop&#8221; max_width=&#8221;70%&#8221; module_alignment=&#8221;center&#8221; global_colors_info=&#8221;{}&#8221; theme_builder_area=&#8221;post_content&#8221;][\/et_pb_image][\/et_pb_column][et_pb_column type=&#8221;1_4&#8243; _builder_version=&#8221;4.24.2&#8243; _module_preset=&#8221;default&#8221; custom_padding_tablet=&#8221;&#8221; custom_padding_phone=&#8221;&#8221; custom_padding_last_edited=&#8221;on|phone&#8221; global_colors_info=&#8221;{}&#8221; theme_builder_area=&#8221;post_content&#8221;][et_pb_button button_url=&#8221;#contactopopup&#8221; button_text=&#8221;Contacto&#8221; button_alignment=&#8221;center&#8221; _builder_version=&#8221;4.24.2&#8243; _module_preset=&#8221;default&#8221; custom_button=&#8221;on&#8221; button_bg_color=&#8221;RGBA(255,255,255,0)&#8221; button_border_width=&#8221;0px&#8221; button_icon=&#8221;&#xe090;||divi||400&#8243; button_icon_color=&#8221;#FFFFFF&#8221; button_icon_placement=&#8221;left&#8221; button_on_hover=&#8221;off&#8221; background_layout=&#8221;dark&#8221; global_colors_info=&#8221;{}&#8221; theme_builder_area=&#8221;post_content&#8221;][\/et_pb_button][et_pb_blurb title=&#8221;info@ptlnoblejas.com&#8221; url=&#8221;mailto:info@ptlnoblejas.com&#8221; icon_placement=&#8221;left&#8221; image_icon_width=&#8221;22px&#8221; _builder_version=&#8221;4.24.2&#8243; _module_preset=&#8221;default&#8221; header_text_align=&#8221;center&#8221; header_font_size=&#8221;15px&#8221; image_icon_custom_margin=&#8221;|||40px|false|false&#8221; image_icon_custom_margin_tablet=&#8221;|||40px|false|false&#8221; image_icon_custom_margin_phone=&#8221;|0px||0px|false|false&#8221; image_icon_custom_margin_last_edited=&#8221;on|desktop&#8221; image_icon_custom_padding=&#8221;|||0px|false|false&#8221; image_icon_custom_padding_tablet=&#8221;|||0px|false|false&#8221; image_icon_custom_padding_phone=&#8221;|0px||0px|false|false&#8221; image_icon_custom_padding_last_edited=&#8221;on|phone&#8221; text_orientation=&#8221;center&#8221; background_layout=&#8221;dark&#8221; module_alignment=&#8221;right&#8221; global_colors_info=&#8221;{}&#8221; image_icon_custom_padding__hover_enabled=&#8221;on|desktop&#8221; image_icon_custom_padding__hover=&#8221;|||0px|false|false&#8221; theme_builder_area=&#8221;post_content&#8221;][\/et_pb_blurb][\/et_pb_column][\/et_pb_row][et_pb_row column_structure=&#8221;1_6,1_6,1_6,1_2&#8243; _builder_version=&#8221;4.24.2&#8243; _module_preset=&#8221;default&#8221; global_colors_info=&#8221;{}&#8221; theme_builder_area=&#8221;post_content&#8221;][et_pb_column type=&#8221;1_6&#8243; _builder_version=&#8221;4.24.2&#8243; _module_preset=&#8221;default&#8221; global_colors_info=&#8221;{}&#8221; theme_builder_area=&#8221;post_content&#8221;][et_pb_text content_tablet=&#8221;<\/p>\n<p style=%22text-align: right;%22>Pol\u00edtica de cookies<\/p>\n<p>&#8221; content_phone=&#8221;<\/p>\n<p style=%22text-align: center;%22>Pol\u00edtica de cookies<\/p>\n<p>&#8221; content_last_edited=&#8221;on|phone&#8221; _builder_version=&#8221;4.24.2&#8243; _dynamic_attributes=&#8221;link_option_url&#8221; _module_preset=&#8221;default&#8221; text_font=&#8221;|600|||||||&#8221; text_text_color=&#8221;#FFFFFF&#8221; custom_margin=&#8221;|||0px|false|false&#8221; custom_margin_tablet=&#8221;|||0px|false|false&#8221; custom_margin_phone=&#8221;|||0px|false|false&#8221; custom_margin_last_edited=&#8221;on|desktop&#8221; link_option_url=&#8221;@ET-DC@eyJkeW5hbWljIjp0cnVlLCJjb250ZW50IjoicG9zdF9saW5rX3VybF9wYWdlIiwic2V0dGluZ3MiOnsicG9zdF9pZCI6IjM3MTU2OSJ9fQ==@&#8221; border_color_right=&#8221;#FFFFFF&#8221; border_color_left=&#8221;#FFFFFF&#8221; border_width_right_tablet=&#8221;2px&#8221; border_width_right_phone=&#8221;0px&#8221; border_width_right_last_edited=&#8221;on|phone&#8221; global_colors_info=&#8221;{}&#8221; theme_builder_area=&#8221;post_content&#8221;]<\/p>\n<p style=\"text-align: right;\">Pol\u00edtica de cookies<\/p>\n<p>[\/et_pb_text][\/et_pb_column][et_pb_column type=&#8221;1_6&#8243; _builder_version=&#8221;4.24.2&#8243; _module_preset=&#8221;default&#8221; global_colors_info=&#8221;{}&#8221; theme_builder_area=&#8221;post_content&#8221;][et_pb_text content_tablet=&#8221;<\/p>\n<p style=%22text-align: left;%22>Aviso legal<\/p>\n<p>&#8221; content_phone=&#8221;<\/p>\n<p style=%22text-align: center;%22>Aviso legal<\/p>\n<p>&#8221; content_last_edited=&#8221;on|phone&#8221; _builder_version=&#8221;4.24.2&#8243; _dynamic_attributes=&#8221;link_option_url&#8221; _module_preset=&#8221;default&#8221; text_font=&#8221;|600|||||||&#8221; text_text_color=&#8221;#FFFFFF&#8221; link_option_url=&#8221;@ET-DC@eyJkeW5hbWljIjp0cnVlLCJjb250ZW50IjoicG9zdF9saW5rX3VybF9wYWdlIiwic2V0dGluZ3MiOnsicG9zdF9pZCI6IjM3MTU3MyJ9fQ==@&#8221; border_color_right=&#8221;#FFFFFF&#8221; border_radii_tablet=&#8221;&#8221; border_radii_phone=&#8221;&#8221; border_radii_last_edited=&#8221;on|desktop&#8221; border_width_right_tablet=&#8221;2px&#8221; border_width_right_phone=&#8221;0px&#8221; border_width_right_last_edited=&#8221;on|phone&#8221; global_colors_info=&#8221;{}&#8221; theme_builder_area=&#8221;post_content&#8221;]<\/p>\n<p style=\"text-align: left;\">Aviso legal<\/p>\n<p>[\/et_pb_text][\/et_pb_column][et_pb_column type=&#8221;1_6&#8243; _builder_version=&#8221;4.24.2&#8243; _module_preset=&#8221;default&#8221; global_colors_info=&#8221;{}&#8221; theme_builder_area=&#8221;post_content&#8221;][\/et_pb_column][et_pb_column type=&#8221;1_2&#8243; _builder_version=&#8221;4.24.2&#8243; _module_preset=&#8221;default&#8221; global_colors_info=&#8221;{}&#8221; theme_builder_area=&#8221;post_content&#8221;][et_pb_text _builder_version=&#8221;4.24.2&#8243; _module_preset=&#8221;default&#8221; text_font=&#8221;|600|||||||&#8221; text_text_color=&#8221;#FFFFFF&#8221; text_font_size=&#8221;12px&#8221; global_colors_info=&#8221;{}&#8221; theme_builder_area=&#8221;post_content&#8221;]<\/p>\n<p style=\"text-align: center;\">\u00a9 PTL Noblejas | 2024<\/p>\n<p>[\/et_pb_text][\/et_pb_column][\/et_pb_row][\/et_pb_section]<\/p>\n","protected":false},"excerpt":{"rendered":"<p>COOKIES POLICYCookie is a file that is downloaded to your computer when you access certain web pages. Cookies allow a website, among other things, to store and retrieve information about the browsing habits of a user or their computer and, depending on the information they contain and the way you use your computer, can be [&hellip;]<\/p>\n","protected":false},"author":1,"featured_media":0,"parent":0,"menu_order":0,"comment_status":"closed","ping_status":"closed","template":"","meta":{"_et_pb_use_builder":"on","_et_pb_old_content":"","_et_gb_content_width":"","footnotes":""},"class_list":["post-371718","page","type-page","status-publish","hentry"],"yoast_head":"<!-- This site is optimized with the Yoast SEO plugin v26.8 - https:\/\/yoast.com\/product\/yoast-seo-wordpress\/ -->\n<title>Cookies English | Parque Tecnol\u00f3gico Log\u00edstico Noblejas<\/title>\n<meta name=\"robots\" content=\"index, follow, max-snippet:-1, max-image-preview:large, max-video-preview:-1\" \/>\n<link rel=\"canonical\" href=\"https:\/\/ptlnoblejas.com\/index.php\/en\/cookies-english\/\" \/>\n<meta property=\"og:locale\" content=\"en_US\" \/>\n<meta property=\"og:type\" content=\"article\" \/>\n<meta property=\"og:title\" content=\"Cookies English | Parque Tecnol\u00f3gico Log\u00edstico Noblejas\" \/>\n<meta property=\"og:description\" content=\"COOKIES POLICYCookie is a file that is downloaded to your computer when you access certain web pages. Cookies allow a website, among other things, to store and retrieve information about the browsing habits of a user or their computer and, depending on the information they contain and the way you use your computer, can be [&hellip;]\" \/>\n<meta property=\"og:url\" content=\"https:\/\/ptlnoblejas.com\/index.php\/en\/cookies-english\/\" \/>\n<meta property=\"og:site_name\" content=\"Parque Tecnol\u00f3gico Log\u00edstico Noblejas\" \/>\n<meta name=\"twitter:card\" content=\"summary_large_image\" \/>\n<meta name=\"twitter:label1\" content=\"Est. reading time\" \/>\n\t<meta name=\"twitter:data1\" content=\"10 minutes\" \/>\n<script type=\"application\/ld+json\" class=\"yoast-schema-graph\">{\"@context\":\"https:\/\/schema.org\",\"@graph\":[{\"@type\":\"WebPage\",\"@id\":\"https:\/\/ptlnoblejas.com\/index.php\/en\/cookies-english\/\",\"url\":\"https:\/\/ptlnoblejas.com\/index.php\/en\/cookies-english\/\",\"name\":\"Cookies English | Parque Tecnol\u00f3gico Log\u00edstico Noblejas\",\"isPartOf\":{\"@id\":\"https:\/\/ptlnoblejas.com\/#website\"},\"datePublished\":\"2024-05-05T07:53:23+00:00\",\"breadcrumb\":{\"@id\":\"https:\/\/ptlnoblejas.com\/index.php\/en\/cookies-english\/#breadcrumb\"},\"inLanguage\":\"en-US\",\"potentialAction\":[{\"@type\":\"ReadAction\",\"target\":[\"https:\/\/ptlnoblejas.com\/index.php\/en\/cookies-english\/\"]}]},{\"@type\":\"BreadcrumbList\",\"@id\":\"https:\/\/ptlnoblejas.com\/index.php\/en\/cookies-english\/#breadcrumb\",\"itemListElement\":[{\"@type\":\"ListItem\",\"position\":1,\"name\":\"Portada\",\"item\":\"https:\/\/ptlnoblejas.com\/\"},{\"@type\":\"ListItem\",\"position\":2,\"name\":\"Cookies English\"}]},{\"@type\":\"WebSite\",\"@id\":\"https:\/\/ptlnoblejas.com\/#website\",\"url\":\"https:\/\/ptlnoblejas.com\/\",\"name\":\"Parque Tecnol\u00f3gico Log\u00edstico Noblejas\",\"description\":\"Suelo industrial log\u00edstico en Noblejas, con parcelas desde 5.000 m\u00b2 hasta 950.000 m\u00b2 y proyectos llave en mano personalizados al mejor precio. Ubicaci\u00f3n estrat\u00e9gica en un nodo log\u00edstico clave con acceso a toda la red de autov\u00edas.\",\"alternateName\":\"Parque Tecnol\u00f3gico Log\u00edstico Noblejas\",\"potentialAction\":[{\"@type\":\"SearchAction\",\"target\":{\"@type\":\"EntryPoint\",\"urlTemplate\":\"https:\/\/ptlnoblejas.com\/?s={search_term_string}\"},\"query-input\":{\"@type\":\"PropertyValueSpecification\",\"valueRequired\":true,\"valueName\":\"search_term_string\"}}],\"inLanguage\":\"en-US\"}]}<\/script>\n<!-- \/ Yoast SEO plugin. -->","yoast_head_json":{"title":"Cookies English | Parque Tecnol\u00f3gico Log\u00edstico Noblejas","robots":{"index":"index","follow":"follow","max-snippet":"max-snippet:-1","max-image-preview":"max-image-preview:large","max-video-preview":"max-video-preview:-1"},"canonical":"https:\/\/ptlnoblejas.com\/index.php\/en\/cookies-english\/","og_locale":"en_US","og_type":"article","og_title":"Cookies English | Parque Tecnol\u00f3gico Log\u00edstico Noblejas","og_description":"COOKIES POLICYCookie is a file that is downloaded to your computer when you access certain web pages. Cookies allow a website, among other things, to store and retrieve information about the browsing habits of a user or their computer and, depending on the information they contain and the way you use your computer, can be [&hellip;]","og_url":"https:\/\/ptlnoblejas.com\/index.php\/en\/cookies-english\/","og_site_name":"Parque Tecnol\u00f3gico Log\u00edstico Noblejas","twitter_card":"summary_large_image","twitter_misc":{"Est. reading time":"10 minutes"},"schema":{"@context":"https:\/\/schema.org","@graph":[{"@type":"WebPage","@id":"https:\/\/ptlnoblejas.com\/index.php\/en\/cookies-english\/","url":"https:\/\/ptlnoblejas.com\/index.php\/en\/cookies-english\/","name":"Cookies English | Parque Tecnol\u00f3gico Log\u00edstico Noblejas","isPartOf":{"@id":"https:\/\/ptlnoblejas.com\/#website"},"datePublished":"2024-05-05T07:53:23+00:00","breadcrumb":{"@id":"https:\/\/ptlnoblejas.com\/index.php\/en\/cookies-english\/#breadcrumb"},"inLanguage":"en-US","potentialAction":[{"@type":"ReadAction","target":["https:\/\/ptlnoblejas.com\/index.php\/en\/cookies-english\/"]}]},{"@type":"BreadcrumbList","@id":"https:\/\/ptlnoblejas.com\/index.php\/en\/cookies-english\/#breadcrumb","itemListElement":[{"@type":"ListItem","position":1,"name":"Portada","item":"https:\/\/ptlnoblejas.com\/"},{"@type":"ListItem","position":2,"name":"Cookies English"}]},{"@type":"WebSite","@id":"https:\/\/ptlnoblejas.com\/#website","url":"https:\/\/ptlnoblejas.com\/","name":"Parque Tecnol\u00f3gico Log\u00edstico Noblejas","description":"Suelo industrial log\u00edstico en Noblejas, con parcelas desde 5.000 m\u00b2 hasta 950.000 m\u00b2 y proyectos llave en mano personalizados al mejor precio. Ubicaci\u00f3n estrat\u00e9gica en un nodo log\u00edstico clave con acceso a toda la red de autov\u00edas.","alternateName":"Parque Tecnol\u00f3gico Log\u00edstico Noblejas","potentialAction":[{"@type":"SearchAction","target":{"@type":"EntryPoint","urlTemplate":"https:\/\/ptlnoblejas.com\/?s={search_term_string}"},"query-input":{"@type":"PropertyValueSpecification","valueRequired":true,"valueName":"search_term_string"}}],"inLanguage":"en-US"}]}},"_links":{"self":[{"href":"https:\/\/ptlnoblejas.com\/index.php\/wp-json\/wp\/v2\/pages\/371718","targetHints":{"allow":["GET"]}}],"collection":[{"href":"https:\/\/ptlnoblejas.com\/index.php\/wp-json\/wp\/v2\/pages"}],"about":[{"href":"https:\/\/ptlnoblejas.com\/index.php\/wp-json\/wp\/v2\/types\/page"}],"author":[{"embeddable":true,"href":"https:\/\/ptlnoblejas.com\/index.php\/wp-json\/wp\/v2\/users\/1"}],"replies":[{"embeddable":true,"href":"https:\/\/ptlnoblejas.com\/index.php\/wp-json\/wp\/v2\/comments?post=371718"}],"version-history":[{"count":0,"href":"https:\/\/ptlnoblejas.com\/index.php\/wp-json\/wp\/v2\/pages\/371718\/revisions"}],"wp:attachment":[{"href":"https:\/\/ptlnoblejas.com\/index.php\/wp-json\/wp\/v2\/media?parent=371718"}],"curies":[{"name":"wp","href":"https:\/\/api.w.org\/{rel}","templated":true}]}}