{"id":371573,"date":"2024-04-01T21:30:48","date_gmt":"2024-04-01T19:30:48","guid":{"rendered":"https:\/\/ptlnoblejas.com\/?page_id=371573"},"modified":"2024-05-05T09:47:15","modified_gmt":"2024-05-05T07:47:15","slug":"aviso-legal","status":"publish","type":"page","link":"https:\/\/ptlnoblejas.com\/index.php\/aviso-legal\/","title":{"rendered":"Aviso Legal"},"content":{"rendered":"<p>[et_pb_section fb_built=&#8221;1&#8243; _builder_version=&#8221;4.25.0&#8243; _module_preset=&#8221;default&#8221; hover_enabled=&#8221;0&#8243; da_disable_devices=&#8221;off|off|off&#8221; global_colors_info=&#8221;{}&#8221; sticky_enabled=&#8221;0&#8243; module_id=&#8221;avisoLegal&#8221; admin_label=&#8221;Section&#8221; da_is_popup=&#8221;off&#8221; da_popup_slug=&#8221;avisoLegal&#8221; da_exit_intent=&#8221;off&#8221; da_has_close=&#8221;on&#8221; da_alt_close=&#8221;off&#8221; da_dark_close=&#8221;off&#8221; da_not_modal=&#8221;on&#8221; da_is_singular=&#8221;off&#8221; da_with_loader=&#8221;off&#8221; da_has_shadow=&#8221;on&#8221; custom_css_free_form=&#8221;@media only screen and (min-width: 981px) {||    #avisoLegal {||        width: 100%;||        height: 100%;||    }||}&#8221;][et_pb_row _builder_version=&#8221;4.25.0&#8243; _module_preset=&#8221;default&#8221; hover_enabled=&#8221;0&#8243; global_colors_info=&#8221;{}&#8221; sticky_enabled=&#8221;0&#8243;][et_pb_column type=&#8221;4_4&#8243; _builder_version=&#8221;4.24.2&#8243; _module_preset=&#8221;default&#8221; global_colors_info=&#8221;{}&#8221;][et_pb_text _builder_version=&#8221;4.24.2&#8243; _module_preset=&#8221;default&#8221; text_font=&#8221;Montserrat|700|||||||&#8221; text_text_color=&#8221;gcid-35121b7b-d52a-4ba9-860f-204347bbd597&#8243; text_font_size=&#8221;3vw&#8221; text_font_size_tablet=&#8221;3vw&#8221; text_font_size_phone=&#8221;6vw&#8221; text_font_size_last_edited=&#8221;on|phone&#8221; global_colors_info=&#8221;{%22gcid-35121b7b-d52a-4ba9-860f-204347bbd597%22:%91%22text_text_color%22%93}&#8221;]<\/p>\n<p style=\"text-align: center;\">AVISO LEGAL<\/p>\n<p>[\/et_pb_text][\/et_pb_column][\/et_pb_row][\/et_pb_section][et_pb_section fb_built=&#8221;1&#8243; _builder_version=&#8221;4.25.0&#8243; _module_preset=&#8221;default&#8221; custom_padding=&#8221;0px||||false|false&#8221; hover_enabled=&#8221;0&#8243; da_disable_devices=&#8221;off|off|off&#8221; global_colors_info=&#8221;{}&#8221; sticky_enabled=&#8221;0&#8243; custom_padding_last_edited=&#8221;on|desktop&#8221; admin_label=&#8221;Section&#8221; da_is_popup=&#8221;off&#8221; da_popup_slug=&#8221;avisoLegal&#8221; da_exit_intent=&#8221;off&#8221; da_has_close=&#8221;on&#8221; da_alt_close=&#8221;off&#8221; da_dark_close=&#8221;off&#8221; da_not_modal=&#8221;on&#8221; da_is_singular=&#8221;off&#8221; da_with_loader=&#8221;off&#8221; da_has_shadow=&#8221;on&#8221; custom_padding_tablet=&#8221;0px||||false|false&#8221; custom_padding_phone=&#8221;0px||||false|false&#8221;][et_pb_row _builder_version=&#8221;4.24.2&#8243; _module_preset=&#8221;default&#8221; hover_enabled=&#8221;0&#8243; global_colors_info=&#8221;{}&#8221; sticky_enabled=&#8221;0&#8243;][et_pb_column type=&#8221;4_4&#8243; _builder_version=&#8221;4.24.2&#8243; _module_preset=&#8221;default&#8221; hover_enabled=&#8221;0&#8243; global_colors_info=&#8221;{}&#8221; sticky_enabled=&#8221;0&#8243;][et_pb_text _builder_version=&#8221;4.24.2&#8243; _module_preset=&#8221;default&#8221; global_colors_info=&#8221;{}&#8221;]<\/p>\n<p style=\"text-align: justify;\">Invertica Real Estate Solutions, S.L. (<b>Invertica<\/b>) ha adoptado los niveles de seguridad de protecci\u00f3n de los datos personales que legalmente se exigen, ha adoptado las medidas t\u00e9cnicas y organizativas exigida por el Real Decreto 994\/1999, Reglamento de medidas de seguridad de los ficheros automatizados que contengan datos de car\u00e1cter personal, as\u00ed como por el Reglamento de desarrollo de la Ley Org\u00e1nica, aprobado por Real Decreto 1720\/2007, y ha instalado todos los medios y medidas t\u00e9cnicas a su alcance para evitar la p\u00e9rdida, mal uso o alteraci\u00f3n, acceso no autorizado y robo de los datos facilitados en el site. No obstante, el usuario es consciente de que las medidas de seguridad en Internet no son inexpugnables.<\/p>\n<p style=\"text-align: justify;\">\n<p style=\"text-align: justify;\"><b>Invertica<\/b><span>\u00a0<\/span>es una marca registrada de Invertica Real Estate Solutions, S.L., inscrita en el Registro Mercantil de Barcelona, Folio 0127, Tomo 43156, Hoja n\u00ba B- 424.546, Inscripci\u00f3n 3\u00aa, C.I.F. B-65774440.<\/p>\n<p style=\"text-align: justify;\">\n<p style=\"text-align: justify;\">PRIMERO.- A trav\u00e9s de la presente pol\u00edtica de privacidad,<span>\u00a0<\/span><b>Invertica<\/b><span>\u00a0<\/span>informa a los usuarios de este sitio web sobre su pol\u00edtica de protecci\u00f3n de datos personales, en cumplimiento de la Ley Org\u00e1nica 03\/2018, de 5 de diciembre, de Protecci\u00f3n de Datos de Car\u00e1cter Personal y la normativa europea 2016\/679 del nuevo Reglamento General de Protecci\u00f3n de Datos (RGPD) aprobada el 25 de Mayo de 2016, con la finalidad que estos decidan de forma expresa, libre y voluntaria si desean facilitar a<span>\u00a0<\/span><b>Invertica<\/b><span>\u00a0<\/span>los datos personales que le son facilitados.<\/p>\n<p style=\"text-align: justify;\">\n<p style=\"text-align: justify;\">SEGUNDO.-<span>\u00a0<\/span><b>Invertica<\/b><span>\u00a0<\/span>se reserva el derecho a modificar la presente pol\u00edtica, inform\u00e1ndole previamente de los cambios que en ella se produzcan a trav\u00e9s de este aviso.<\/p>\n<p style=\"text-align: justify;\">\n<p style=\"text-align: justify;\">TERCERO.- Usted, al facilitar voluntariamente sus datos personales a trav\u00e9s de cualquier formulario de esta p\u00e1gina web o mensaje de correo electr\u00f3nico y aceptar su env\u00edo, AUTORIZA EXPRESAMENTE a<span>\u00a0<\/span><b>Invertica<\/b><span>\u00a0<\/span>para que trate e incorpore en un fichero de su propiedad aquellos datos remitidos.<\/p>\n<p style=\"text-align: justify;\">\n<p style=\"text-align: justify;\">CUARTO.- La recogida y tratamiento de los datos personales que usted facilite tiene como finalidad contactar con usted para dar respuesta a su petici\u00f3n e informarle sobre los productos y servicios que ofrece esta empresa, a trav\u00e9s de cualquier medio de comunicaci\u00f3n, incluso electr\u00f3nico<\/p>\n<p style=\"text-align: justify;\">\n<p style=\"text-align: justify;\">QUINTO.- Los datos personales que usted facilite deber\u00e1n ser verdaderos, exactos, completos y actualizados, de tal manera que ser\u00e1 responsable de los da\u00f1os y perjuicios que pudiera ocasionar a causa del no cumplimiento de esta obligaci\u00f3n.<\/p>\n<p style=\"text-align: justify;\">\n<p style=\"text-align: justify;\">SEXTO.-<span>\u00a0<\/span><b>Invertica<\/b><span>\u00a0<\/span>ha adoptado las medidas t\u00e9cnicas necesarias para evitar la alteraci\u00f3n, p\u00e9rdida o tratamiento no autorizado a los datos personales que usted facilite, habida cuenta de las limitaciones que presenta Internet.<\/p>\n<p style=\"text-align: justify;\">\n<p style=\"text-align: justify;\">S\u00c9PTIMO.-<span>\u00a0<\/span><b>Invertica<\/b><span>\u00a0<\/span>manifiesta su compromiso de confidencialidad respecto al tratamiento de sus datos personales.<\/p>\n<p style=\"text-align: justify;\">\n<p style=\"text-align: justify;\">OCTAVO.- Usted tiene derecho a acceder a la informaci\u00f3n que le concierne, rectificarla de ser err\u00f3nea, cancelarla u oponerse a su tratamiento a trav\u00e9s del correo electr\u00f3nico<span>\u00a0<\/span><a href=\"mailto:info@invertica.es\">info@invertica.es<\/a><span>\u00a0<\/span>o de comunicaci\u00f3n escrita a Invertica Real Estate Solutions, S.L., Ramon Miquel i Planas, 23 &#8211; Loc. 8, 08034 Barcelona (SPAIN).<\/p>\n<p style=\"text-align: justify;\">\n<p style=\"text-align: justify;\">NOVENO.-<span>\u00a0<\/span><b>Invertica<\/b><span>\u00a0<\/span>le informa que su p\u00e1gina web utiliza cookies.<\/p>\n<p>[\/et_pb_text][\/et_pb_column][\/et_pb_row][\/et_pb_section][et_pb_section fb_built=&#8221;1&#8243; admin_label=&#8221;Footer&#8221; _builder_version=&#8221;4.24.2&#8243; _module_preset=&#8221;default&#8221; background_color=&#8221;#0a2e45&#8243; background_image=&#8221;https:\/\/ptlnoblejas.com\/wp-content\/uploads\/2024\/02\/engineering-firm-52.png&#8221; background_size=&#8221;initial&#8221; custom_margin=&#8221;20px||||false|false&#8221; custom_padding=&#8221;44px||0px|||&#8221; da_disable_devices=&#8221;off|off|off&#8221; saved_tabs=&#8221;all&#8221; locked=&#8221;off&#8221; global_colors_info=&#8221;{}&#8221; da_is_popup=&#8221;off&#8221; da_exit_intent=&#8221;off&#8221; da_has_close=&#8221;on&#8221; da_alt_close=&#8221;off&#8221; da_dark_close=&#8221;off&#8221; da_not_modal=&#8221;on&#8221; da_is_singular=&#8221;off&#8221; da_with_loader=&#8221;off&#8221; da_has_shadow=&#8221;on&#8221;][et_pb_row column_structure=&#8221;1_4,1_4,1_4,1_4&#8243; _builder_version=&#8221;4.24.2&#8243; _module_preset=&#8221;default&#8221; custom_padding=&#8221;0px||5px|||&#8221; module_alignment_tablet=&#8221;&#8221; module_alignment_phone=&#8221;center&#8221; module_alignment_last_edited=&#8221;on|phone&#8221; global_colors_info=&#8221;{}&#8221;][et_pb_column type=&#8221;1_4&#8243; _builder_version=&#8221;4.24.2&#8243; _module_preset=&#8221;default&#8221; global_colors_info=&#8221;{}&#8221;][et_pb_image src=&#8221;https:\/\/ptlnoblejas.com\/wp-content\/uploads\/2024\/03\/LOGOTIPO-PTL-NOBLEJAS-w.webp&#8221; alt=&#8221;PTL Noblejas&#8221; title_text=&#8221;LOGOTIPO-PTL-NOBLEJAS-w&#8221; _builder_version=&#8221;4.24.2&#8243; _module_preset=&#8221;default&#8221; width=&#8221;45%&#8221; width_tablet=&#8221;45%&#8221; width_phone=&#8221;40%&#8221; width_last_edited=&#8221;on|desktop&#8221; module_alignment=&#8221;center&#8221; custom_margin=&#8221;||-1px|||&#8221; global_colors_info=&#8221;{}&#8221;][\/et_pb_image][\/et_pb_column][et_pb_column type=&#8221;1_4&#8243; _builder_version=&#8221;4.24.2&#8243; _module_preset=&#8221;default&#8221; global_colors_info=&#8221;{}&#8221;][et_pb_text _builder_version=&#8221;4.24.2&#8243; _module_preset=&#8221;default&#8221; text_font=&#8221;Montserrat|500|||||||&#8221; text_font_size=&#8221;17px&#8221; text_line_height=&#8221;1.8em&#8221; text_orientation=&#8221;center&#8221; background_layout=&#8221;dark&#8221; module_alignment=&#8221;center&#8221; link_option_url=&#8221;https:\/\/dunascapital.com\/&#8221; text_font_size_tablet=&#8221;14px&#8221; text_font_size_phone=&#8221;15px&#8221; text_font_size_last_edited=&#8221;on|phone&#8221; global_colors_info=&#8221;{}&#8221;]<\/p>\n<p style=\"text-align: center;\">Desarrollado por<\/p>\n<p>[\/et_pb_text][et_pb_image src=&#8221;https:\/\/ptlnoblejas.com\/wp-content\/uploads\/2024\/03\/real-estate-dunas-footer.webp&#8221; title_text=&#8221;real-estate-dunas-footer&#8221; url=&#8221;https:\/\/dunascapital.com\/&#8221; _builder_version=&#8221;4.24.2&#8243; _module_preset=&#8221;default&#8221; width=&#8221;109%&#8221; custom_margin=&#8221;-48px||2px||false|false&#8221; custom_margin_tablet=&#8221;-48px||2px||false|false&#8221; custom_margin_phone=&#8221;-48px||2px||false|false&#8221; custom_margin_last_edited=&#8221;on|phone&#8221; custom_padding=&#8221;||0px|||&#8221; global_colors_info=&#8221;{}&#8221;][\/et_pb_image][\/et_pb_column][et_pb_column type=&#8221;1_4&#8243; _builder_version=&#8221;4.24.2&#8243; _module_preset=&#8221;default&#8221; global_colors_info=&#8221;{}&#8221;][et_pb_text _builder_version=&#8221;4.24.2&#8243; _module_preset=&#8221;default&#8221; text_font=&#8221;Montserrat|500|||||||&#8221; text_font_size=&#8221;17px&#8221; text_line_height=&#8221;1.8em&#8221; text_orientation=&#8221;center&#8221; background_layout=&#8221;dark&#8221; custom_margin=&#8221;||18px|||&#8221; link_option_url=&#8221;https:\/\/www.invertica.es\/&#8221; text_font_size_tablet=&#8221;14px&#8221; text_font_size_phone=&#8221;15px&#8221; text_font_size_last_edited=&#8221;on|phone&#8221; global_colors_info=&#8221;{}&#8221;]<\/p>\n<p>Comercializado por<\/p>\n<p>[\/et_pb_text][et_pb_image src=&#8221;https:\/\/ptlnoblejas.com\/wp-content\/uploads\/2024\/03\/Invertica_Irels_png_white.png&#8221; title_text=&#8221;Invertica_Irels_png_white&#8221; url=&#8221;https:\/\/www.invertica.es\/&#8221; _builder_version=&#8221;4.24.2&#8243; _module_preset=&#8221;default&#8221; width=&#8221;70%&#8221; width_tablet=&#8221;70%&#8221; width_phone=&#8221;70%&#8221; width_last_edited=&#8221;on|desktop&#8221; max_width=&#8221;70%&#8221; module_alignment=&#8221;center&#8221; global_colors_info=&#8221;{}&#8221;][\/et_pb_image][\/et_pb_column][et_pb_column type=&#8221;1_4&#8243; _builder_version=&#8221;4.24.2&#8243; _module_preset=&#8221;default&#8221; custom_padding_tablet=&#8221;&#8221; custom_padding_phone=&#8221;&#8221; custom_padding_last_edited=&#8221;on|phone&#8221; global_colors_info=&#8221;{}&#8221;][et_pb_button button_url=&#8221;#contactopopup&#8221; button_text=&#8221;Contacto&#8221; button_alignment=&#8221;center&#8221; _builder_version=&#8221;4.24.2&#8243; _module_preset=&#8221;default&#8221; custom_button=&#8221;on&#8221; button_bg_color=&#8221;RGBA(255,255,255,0)&#8221; button_border_width=&#8221;0px&#8221; button_icon=&#8221;&#xe090;||divi||400&#8243; button_icon_color=&#8221;#FFFFFF&#8221; button_icon_placement=&#8221;left&#8221; button_on_hover=&#8221;off&#8221; background_layout=&#8221;dark&#8221; global_colors_info=&#8221;{}&#8221;][\/et_pb_button][et_pb_blurb title=&#8221;info@ptlnoblejas.com&#8221; url=&#8221;mailto:info@ptlnoblejas.com&#8221; icon_placement=&#8221;left&#8221; image_icon_width=&#8221;22px&#8221; _builder_version=&#8221;4.24.2&#8243; _module_preset=&#8221;default&#8221; header_text_align=&#8221;center&#8221; header_font_size=&#8221;15px&#8221; image_icon_custom_margin=&#8221;|||40px|false|false&#8221; image_icon_custom_margin_tablet=&#8221;|||40px|false|false&#8221; image_icon_custom_margin_phone=&#8221;|0px||0px|false|false&#8221; image_icon_custom_margin_last_edited=&#8221;on|desktop&#8221; image_icon_custom_padding=&#8221;|||0px|false|false&#8221; image_icon_custom_padding_tablet=&#8221;|||0px|false|false&#8221; image_icon_custom_padding_phone=&#8221;|0px||0px|false|false&#8221; image_icon_custom_padding_last_edited=&#8221;on|phone&#8221; text_orientation=&#8221;center&#8221; background_layout=&#8221;dark&#8221; module_alignment=&#8221;right&#8221; global_colors_info=&#8221;{}&#8221; image_icon_custom_padding__hover_enabled=&#8221;on|desktop&#8221; image_icon_custom_padding__hover=&#8221;|||0px|false|false&#8221;][\/et_pb_blurb][\/et_pb_column][\/et_pb_row][et_pb_row column_structure=&#8221;1_6,1_6,1_6,1_2&#8243; _builder_version=&#8221;4.24.2&#8243; _module_preset=&#8221;default&#8221; global_colors_info=&#8221;{}&#8221;][et_pb_column type=&#8221;1_6&#8243; _builder_version=&#8221;4.24.2&#8243; _module_preset=&#8221;default&#8221; global_colors_info=&#8221;{}&#8221;][et_pb_text content_tablet=&#8221;<\/p>\n<p style=%22text-align: right;%22>Pol\u00edtica de cookies<\/p>\n<p>&#8221; content_phone=&#8221;<\/p>\n<p style=%22text-align: center;%22>Pol\u00edtica de cookies<\/p>\n<p>&#8221; content_last_edited=&#8221;on|phone&#8221; _builder_version=&#8221;4.24.2&#8243; _dynamic_attributes=&#8221;link_option_url&#8221; _module_preset=&#8221;default&#8221; text_font=&#8221;|600|||||||&#8221; text_text_color=&#8221;#FFFFFF&#8221; custom_margin=&#8221;|||0px|false|false&#8221; custom_margin_tablet=&#8221;|||0px|false|false&#8221; custom_margin_phone=&#8221;|||0px|false|false&#8221; custom_margin_last_edited=&#8221;on|desktop&#8221; link_option_url=&#8221;@ET-DC@eyJkeW5hbWljIjp0cnVlLCJjb250ZW50IjoicG9zdF9saW5rX3VybF9wYWdlIiwic2V0dGluZ3MiOnsicG9zdF9pZCI6IjM3MTU2OSJ9fQ==@&#8221; border_color_right=&#8221;#FFFFFF&#8221; border_color_left=&#8221;#FFFFFF&#8221; border_width_right_tablet=&#8221;2px&#8221; border_width_right_phone=&#8221;0px&#8221; border_width_right_last_edited=&#8221;on|phone&#8221; global_colors_info=&#8221;{}&#8221;]<\/p>\n<p style=\"text-align: right;\">Pol\u00edtica de cookies<\/p>\n<p>[\/et_pb_text][\/et_pb_column][et_pb_column type=&#8221;1_6&#8243; _builder_version=&#8221;4.24.2&#8243; _module_preset=&#8221;default&#8221; global_colors_info=&#8221;{}&#8221;][et_pb_text content_tablet=&#8221;<\/p>\n<p style=%22text-align: left;%22>Aviso legal<\/p>\n<p>&#8221; content_phone=&#8221;<\/p>\n<p style=%22text-align: center;%22>Aviso legal<\/p>\n<p>&#8221; content_last_edited=&#8221;on|phone&#8221; _builder_version=&#8221;4.24.2&#8243; _dynamic_attributes=&#8221;link_option_url&#8221; _module_preset=&#8221;default&#8221; text_font=&#8221;|600|||||||&#8221; text_text_color=&#8221;#FFFFFF&#8221; link_option_url=&#8221;@ET-DC@eyJkeW5hbWljIjp0cnVlLCJjb250ZW50IjoicG9zdF9saW5rX3VybF9wYWdlIiwic2V0dGluZ3MiOnsicG9zdF9pZCI6IjM3MTU3MyJ9fQ==@&#8221; border_color_right=&#8221;#FFFFFF&#8221; border_radii_tablet=&#8221;&#8221; border_radii_phone=&#8221;&#8221; border_radii_last_edited=&#8221;on|desktop&#8221; border_width_right_tablet=&#8221;2px&#8221; border_width_right_phone=&#8221;0px&#8221; border_width_right_last_edited=&#8221;on|phone&#8221; global_colors_info=&#8221;{}&#8221;]<\/p>\n<p style=\"text-align: left;\">Aviso legal<\/p>\n<p>[\/et_pb_text][\/et_pb_column][et_pb_column type=&#8221;1_6&#8243; _builder_version=&#8221;4.24.2&#8243; _module_preset=&#8221;default&#8221; global_colors_info=&#8221;{}&#8221;][\/et_pb_column][et_pb_column type=&#8221;1_2&#8243; _builder_version=&#8221;4.24.2&#8243; _module_preset=&#8221;default&#8221; global_colors_info=&#8221;{}&#8221;][et_pb_text _builder_version=&#8221;4.24.2&#8243; _module_preset=&#8221;default&#8221; text_font=&#8221;|600|||||||&#8221; text_text_color=&#8221;#FFFFFF&#8221; text_font_size=&#8221;12px&#8221; global_colors_info=&#8221;{}&#8221;]<\/p>\n<p style=\"text-align: center;\">\u00a9 PTL Noblejas | 2024<\/p>\n<p>[\/et_pb_text][\/et_pb_column][\/et_pb_row][\/et_pb_section]<\/p>\n","protected":false},"excerpt":{"rendered":"<p>AVISO LEGALInvertica Real Estate Solutions, S.L. (Invertica) ha adoptado los niveles de seguridad de protecci\u00f3n de los datos personales que legalmente se exigen, ha adoptado las medidas t\u00e9cnicas y organizativas exigida por el Real Decreto 994\/1999, Reglamento de medidas de seguridad de los ficheros automatizados que contengan datos de car\u00e1cter personal, as\u00ed como por el [&hellip;]<\/p>\n","protected":false},"author":1,"featured_media":0,"parent":0,"menu_order":0,"comment_status":"closed","ping_status":"closed","template":"","meta":{"_et_pb_use_builder":"on","_et_pb_old_content":"","_et_gb_content_width":"","footnotes":""},"class_list":["post-371573","page","type-page","status-publish","hentry"],"yoast_head":"<!-- This site is optimized with the Yoast SEO plugin v26.8 - https:\/\/yoast.com\/product\/yoast-seo-wordpress\/ -->\n<title>Aviso Legal | Parque Tecnol\u00f3gico Log\u00edstico Noblejas<\/title>\n<meta name=\"robots\" content=\"index, follow, max-snippet:-1, max-image-preview:large, max-video-preview:-1\" \/>\n<link rel=\"canonical\" href=\"https:\/\/ptlnoblejas.com\/index.php\/aviso-legal\/\" \/>\n<meta property=\"og:locale\" content=\"en_US\" \/>\n<meta property=\"og:type\" content=\"article\" \/>\n<meta property=\"og:title\" content=\"Aviso Legal | Parque Tecnol\u00f3gico Log\u00edstico Noblejas\" \/>\n<meta property=\"og:description\" content=\"AVISO LEGALInvertica Real Estate Solutions, S.L. (Invertica) ha adoptado los niveles de seguridad de protecci\u00f3n de los datos personales que legalmente se exigen, ha adoptado las medidas t\u00e9cnicas y organizativas exigida por el Real Decreto 994\/1999, Reglamento de medidas de seguridad de los ficheros automatizados que contengan datos de car\u00e1cter personal, as\u00ed como por el [&hellip;]\" \/>\n<meta property=\"og:url\" content=\"https:\/\/ptlnoblejas.com\/index.php\/aviso-legal\/\" \/>\n<meta property=\"og:site_name\" content=\"Parque Tecnol\u00f3gico Log\u00edstico Noblejas\" \/>\n<meta property=\"article:modified_time\" content=\"2024-05-05T07:47:15+00:00\" \/>\n<meta name=\"twitter:card\" content=\"summary_large_image\" \/>\n<meta name=\"twitter:label1\" content=\"Est. reading time\" \/>\n\t<meta name=\"twitter:data1\" content=\"9 minutes\" \/>\n<script type=\"application\/ld+json\" class=\"yoast-schema-graph\">{\"@context\":\"https:\/\/schema.org\",\"@graph\":[{\"@type\":\"WebPage\",\"@id\":\"https:\/\/ptlnoblejas.com\/index.php\/aviso-legal\/\",\"url\":\"https:\/\/ptlnoblejas.com\/index.php\/aviso-legal\/\",\"name\":\"Aviso Legal | Parque Tecnol\u00f3gico Log\u00edstico Noblejas\",\"isPartOf\":{\"@id\":\"https:\/\/ptlnoblejas.com\/#website\"},\"datePublished\":\"2024-04-01T19:30:48+00:00\",\"dateModified\":\"2024-05-05T07:47:15+00:00\",\"breadcrumb\":{\"@id\":\"https:\/\/ptlnoblejas.com\/index.php\/aviso-legal\/#breadcrumb\"},\"inLanguage\":\"en-US\",\"potentialAction\":[{\"@type\":\"ReadAction\",\"target\":[\"https:\/\/ptlnoblejas.com\/index.php\/aviso-legal\/\"]}]},{\"@type\":\"BreadcrumbList\",\"@id\":\"https:\/\/ptlnoblejas.com\/index.php\/aviso-legal\/#breadcrumb\",\"itemListElement\":[{\"@type\":\"ListItem\",\"position\":1,\"name\":\"Portada\",\"item\":\"https:\/\/ptlnoblejas.com\/\"},{\"@type\":\"ListItem\",\"position\":2,\"name\":\"Aviso Legal\"}]},{\"@type\":\"WebSite\",\"@id\":\"https:\/\/ptlnoblejas.com\/#website\",\"url\":\"https:\/\/ptlnoblejas.com\/\",\"name\":\"Parque Tecnol\u00f3gico Log\u00edstico Noblejas\",\"description\":\"Suelo industrial log\u00edstico en Noblejas, con parcelas desde 5.000 m\u00b2 hasta 950.000 m\u00b2 y proyectos llave en mano personalizados al mejor precio. Ubicaci\u00f3n estrat\u00e9gica en un nodo log\u00edstico clave con acceso a toda la red de autov\u00edas.\",\"alternateName\":\"Parque Tecnol\u00f3gico Log\u00edstico Noblejas\",\"potentialAction\":[{\"@type\":\"SearchAction\",\"target\":{\"@type\":\"EntryPoint\",\"urlTemplate\":\"https:\/\/ptlnoblejas.com\/?s={search_term_string}\"},\"query-input\":{\"@type\":\"PropertyValueSpecification\",\"valueRequired\":true,\"valueName\":\"search_term_string\"}}],\"inLanguage\":\"en-US\"}]}<\/script>\n<!-- \/ Yoast SEO plugin. -->","yoast_head_json":{"title":"Aviso Legal | Parque Tecnol\u00f3gico Log\u00edstico Noblejas","robots":{"index":"index","follow":"follow","max-snippet":"max-snippet:-1","max-image-preview":"max-image-preview:large","max-video-preview":"max-video-preview:-1"},"canonical":"https:\/\/ptlnoblejas.com\/index.php\/aviso-legal\/","og_locale":"en_US","og_type":"article","og_title":"Aviso Legal | Parque Tecnol\u00f3gico Log\u00edstico Noblejas","og_description":"AVISO LEGALInvertica Real Estate Solutions, S.L. (Invertica) ha adoptado los niveles de seguridad de protecci\u00f3n de los datos personales que legalmente se exigen, ha adoptado las medidas t\u00e9cnicas y organizativas exigida por el Real Decreto 994\/1999, Reglamento de medidas de seguridad de los ficheros automatizados que contengan datos de car\u00e1cter personal, as\u00ed como por el [&hellip;]","og_url":"https:\/\/ptlnoblejas.com\/index.php\/aviso-legal\/","og_site_name":"Parque Tecnol\u00f3gico Log\u00edstico Noblejas","article_modified_time":"2024-05-05T07:47:15+00:00","twitter_card":"summary_large_image","twitter_misc":{"Est. reading time":"9 minutes"},"schema":{"@context":"https:\/\/schema.org","@graph":[{"@type":"WebPage","@id":"https:\/\/ptlnoblejas.com\/index.php\/aviso-legal\/","url":"https:\/\/ptlnoblejas.com\/index.php\/aviso-legal\/","name":"Aviso Legal | Parque Tecnol\u00f3gico Log\u00edstico Noblejas","isPartOf":{"@id":"https:\/\/ptlnoblejas.com\/#website"},"datePublished":"2024-04-01T19:30:48+00:00","dateModified":"2024-05-05T07:47:15+00:00","breadcrumb":{"@id":"https:\/\/ptlnoblejas.com\/index.php\/aviso-legal\/#breadcrumb"},"inLanguage":"en-US","potentialAction":[{"@type":"ReadAction","target":["https:\/\/ptlnoblejas.com\/index.php\/aviso-legal\/"]}]},{"@type":"BreadcrumbList","@id":"https:\/\/ptlnoblejas.com\/index.php\/aviso-legal\/#breadcrumb","itemListElement":[{"@type":"ListItem","position":1,"name":"Portada","item":"https:\/\/ptlnoblejas.com\/"},{"@type":"ListItem","position":2,"name":"Aviso Legal"}]},{"@type":"WebSite","@id":"https:\/\/ptlnoblejas.com\/#website","url":"https:\/\/ptlnoblejas.com\/","name":"Parque Tecnol\u00f3gico Log\u00edstico Noblejas","description":"Suelo industrial log\u00edstico en Noblejas, con parcelas desde 5.000 m\u00b2 hasta 950.000 m\u00b2 y proyectos llave en mano personalizados al mejor precio. Ubicaci\u00f3n estrat\u00e9gica en un nodo log\u00edstico clave con acceso a toda la red de autov\u00edas.","alternateName":"Parque Tecnol\u00f3gico Log\u00edstico Noblejas","potentialAction":[{"@type":"SearchAction","target":{"@type":"EntryPoint","urlTemplate":"https:\/\/ptlnoblejas.com\/?s={search_term_string}"},"query-input":{"@type":"PropertyValueSpecification","valueRequired":true,"valueName":"search_term_string"}}],"inLanguage":"en-US"}]}},"_links":{"self":[{"href":"https:\/\/ptlnoblejas.com\/index.php\/wp-json\/wp\/v2\/pages\/371573","targetHints":{"allow":["GET"]}}],"collection":[{"href":"https:\/\/ptlnoblejas.com\/index.php\/wp-json\/wp\/v2\/pages"}],"about":[{"href":"https:\/\/ptlnoblejas.com\/index.php\/wp-json\/wp\/v2\/types\/page"}],"author":[{"embeddable":true,"href":"https:\/\/ptlnoblejas.com\/index.php\/wp-json\/wp\/v2\/users\/1"}],"replies":[{"embeddable":true,"href":"https:\/\/ptlnoblejas.com\/index.php\/wp-json\/wp\/v2\/comments?post=371573"}],"version-history":[{"count":0,"href":"https:\/\/ptlnoblejas.com\/index.php\/wp-json\/wp\/v2\/pages\/371573\/revisions"}],"wp:attachment":[{"href":"https:\/\/ptlnoblejas.com\/index.php\/wp-json\/wp\/v2\/media?parent=371573"}],"curies":[{"name":"wp","href":"https:\/\/api.w.org\/{rel}","templated":true}]}}